{"id":4746,"date":"2018-06-10T13:55:09","date_gmt":"2018-06-10T13:55:09","guid":{"rendered":"http:\/\/vps522413.ovh.net\/?page_id=4746"},"modified":"2022-02-07T16:20:13","modified_gmt":"2022-02-07T16:20:13","slug":"mentions-legales","status":"publish","type":"page","link":"https:\/\/www.vrignaud-immo.com\/?page_id=4746","title":{"rendered":"mentions-l\u00e9gales"},"content":{"rendered":"<p>Propri\u00e9taire du site :<br \/>\nVRIGNAUD &#8211; IMMO<br \/>\nadresse de l\u2019 entreprise<br \/>\n85500 Les HERBIERS<br \/>\n07.71.72.13.24<br \/>\ncontact@vrignaud-immo.com<\/p>\n<p>Directeur de la publication :<\/p>\n<p>Vrignaud-immo<br \/>\nL\u2019\u00e9diteur s\u2019engage \u00e0 respecter l\u2019ensemble des lois concernant la mise en place et l\u2019activit\u00e9 d\u2019un site Internet.<\/p>\n<p>Site h\u00e9berg\u00e9 par\u00a0:<br \/>\nOVH 140 Quai du Sartel \u2013 59100 Roubaix \u2013 France<\/p>\n<p>Site r\u00e9alis\u00e9 par :<\/p>\n<p>VRIGNAUD-immo<br \/>\nAdresse Mail : contact@vrignaud-immo.com<br \/>\nSite web :\u00a0<a href=\"https:\/\/www.igweb.fr\/\">www.<\/a>vrignaud-immo.com<br \/>\nSIRET :\u00a0838 021 277 00010<br \/>\nTVA :<\/p>\n<div>\u00a0Limites de responsabilit\u00e9s :<\/div>\n<p>Le contenu de ce site peut comporter des erreurs et\/ou des inexactitudes et\/ou des omissions techniques et typographiques, ce que vous reconnaissez et acceptez en utilisant ce site. Les informations contenues dans le site sont non-contractuelles et sujettes \u00e0 modification sans pr\u00e9avis.<\/p>\n<p>Les informations pr\u00e9sent\u00e9es sur le site sont r\u00e9guli\u00e8rement mises \u00e0 jour. De ce fait, la soci\u00e9t\u00e9\u00a0Vrignaud-immo\u00a0ne garantit pas que les fonctions ou certaines pages du site seront en ligne et assur\u00e9es sans interruption et sans erreur, ni que le site ou le serveur qui les met \u00e0 disposition est exempt de virus et autres composants dangereux. En aucun cas, la soci\u00e9t\u00e9\u00a0Vrignaud-immo\u00a0ne pourra \u00eatre tenue responsable des pr\u00e9judices fortuits, directs ou indirects r\u00e9sultant de l\u2019utilisation des \u00e9l\u00e9ments du site.<\/p>\n<p>Ce site Web peut fournir des liens ou des r\u00e9f\u00e9rences \u00e0 d\u2019autres sites non contr\u00f4l\u00e9s par la soci\u00e9t\u00e9\u00a0Vrignaud-immo. En cons\u00e9quence, la soci\u00e9t\u00e9\u00a0Vrignaud-immo\u00a0d\u00e9cline toute responsabilit\u00e9 quant aux contenus de ces autres sites et ne saurait \u00eatre tenue responsable de tous dommages-int\u00e9r\u00eats ou dommages d\u00e9coulant de l\u2019utilisation ou recours \u00e0 de tels contenus ni de l\u2019acc\u00e8s ou de l\u2019impossibilit\u00e9 d\u2019acc\u00e8s \u00e0 ces sites.<\/p>\n<p>Donn\u00e9es personnelles :<br \/>\nLes informations que vous saisirez seront enregistr\u00e9es par\u00a0Vrignaud-immo, elles seront analys\u00e9es et transmises aux diff\u00e9rents services concern\u00e9s pour leur prise en charge. Par ailleurs, ces informations seront supprim\u00e9es d\u00e8s qu\u2019elles ne nous seront plus utiles pour nos services pour r\u00e9pondre \u00e0 votre demande.<br \/>\nVous disposez d\u2019un droit d\u2019acc\u00e8s, de modification, de rectification et de suppression concernant les donn\u00e9es collect\u00e9es sur ce site, dans les conditions pr\u00e9vues par l\u2019article 31 de la loi du 6 janvier 1978 modifi\u00e9e, relative \u00e0 l\u2019informatique, aux fichiers et aux libert\u00e9s. Pour l\u2019exercer, adressez-vous par courrier au gestionnaire du site, \u00e0 l\u2019adresse suivante :<br \/>\nVrignaud-immo<\/p>\n<p>adresse<\/p>\n<p>85500 LES HERBIERS<br \/>\n07.71.72.13.24<br \/>\ncontact@vrignaud-immo.com<\/p>\n<p>Cookies :<br \/>\nLes Cookies sont des petits fichers textes enregistr\u00e9s dans votre ordinateur. Certains cookies sont requis pour vous assurer un bon fonctionnement du site internet, c\u2019est pourquoi nous avons d\u00e9j\u00e0 install\u00e9 certains cookies. Ils nous permettent de vous faire profiter de la meilleure navigation possible et nous aident \u00e0 comprendre comment vous utilisez notre site.<\/p>\n<p>Droits d\u2019auteur :<br \/>\nLe titre, la conception, la forme du site vrignaud-immo.com mais aussi son contenu sont la propri\u00e9t\u00e9 de la soci\u00e9t\u00e9 Vrignaud-immo. Toute utilisation d\u2019\u00e9l\u00e9ments du site vrignaud-immo.com y compris la reproduction, la modification, la diffusion ou la re-publication, sans l\u2019autorisation \u00e9crite pr\u00e9alable de la soci\u00e9t\u00e9 Vrignaud-immo, est strictement interdite et constitutive d\u2019une contrefa\u00e7on sanctionn\u00e9e p\u00e9nalement. Toute demande d\u2019autorisation de reproduction d\u2019une quelconque information contenue dans le site doit \u00eatre adress\u00e9e \u00e0 contact@vrignaud-immo.com<\/p>\n","protected":false},"excerpt":{"rendered":"<p>Propri\u00e9taire du site : VRIGNAUD &#8211; IMMO adresse de l\u2019 entreprise 85500 Les HERBIERS 07.71.72.13.24 contact@vrignaud-immo.com Directeur de la publication : Vrignaud-immo L\u2019\u00e9diteur s\u2019engage \u00e0 respecter l\u2019ensemble des lois concernant la mise en place et l\u2019activit\u00e9 d\u2019un site Internet. Site h\u00e9berg\u00e9 par\u00a0: OVH 140 Quai du Sartel \u2013 59100 Roubaix \u2013 France Site r\u00e9alis\u00e9 par&#8230;<\/p>\n","protected":false},"author":1,"featured_media":0,"parent":0,"menu_order":0,"comment_status":"closed","ping_status":"closed","template":"templates\/full-width.php","meta":{"_exactmetrics_skip_tracking":false,"_exactmetrics_sitenote_active":false,"_exactmetrics_sitenote_note":"","_exactmetrics_sitenote_category":0,"footnotes":""},"class_list":["post-4746","page","type-page","status-publish","hentry"],"_links":{"self":[{"href":"https:\/\/www.vrignaud-immo.com\/index.php?rest_route=\/wp\/v2\/pages\/4746","targetHints":{"allow":["GET"]}}],"collection":[{"href":"https:\/\/www.vrignaud-immo.com\/index.php?rest_route=\/wp\/v2\/pages"}],"about":[{"href":"https:\/\/www.vrignaud-immo.com\/index.php?rest_route=\/wp\/v2\/types\/page"}],"author":[{"embeddable":true,"href":"https:\/\/www.vrignaud-immo.com\/index.php?rest_route=\/wp\/v2\/users\/1"}],"replies":[{"embeddable":true,"href":"https:\/\/www.vrignaud-immo.com\/index.php?rest_route=%2Fwp%2Fv2%2Fcomments&post=4746"}],"version-history":[{"count":7,"href":"https:\/\/www.vrignaud-immo.com\/index.php?rest_route=\/wp\/v2\/pages\/4746\/revisions"}],"predecessor-version":[{"id":5998,"href":"https:\/\/www.vrignaud-immo.com\/index.php?rest_route=\/wp\/v2\/pages\/4746\/revisions\/5998"}],"wp:attachment":[{"href":"https:\/\/www.vrignaud-immo.com\/index.php?rest_route=%2Fwp%2Fv2%2Fmedia&parent=4746"}],"curies":[{"name":"wp","href":"https:\/\/api.w.org\/{rel}","templated":true}]}}